{"id":3423,"date":"2025-03-20T16:43:17","date_gmt":"2025-03-20T16:43:17","guid":{"rendered":"https:\/\/hosting13.com\/oes\/?post_type=product&#038;p=3423"},"modified":"2025-03-20T16:47:05","modified_gmt":"2025-03-20T16:47:05","slug":"interruptor-termomangnetico-qo-1p-60-a-enchufable-10ka-120-240v","status":"publish","type":"product","link":"https:\/\/hosting13.com\/oes\/product\/interruptor-termomangnetico-qo-1p-60-a-enchufable-10ka-120-240v\/","title":{"rendered":"Interruptor termomagn\u00e9tico QO 1P. 60 A, enchufable 10kA 120 \/ 240V"},"content":{"rendered":"","protected":false},"excerpt":{"rendered":"<ul>\n<li>Interruptor autom\u00e1tico miniatura de 1 polo con capacidad interruptiva de 10kA a 120\/240 V CA 50\/60 Hz<\/li>\n<li>Protecci\u00f3n contra sobrecargas y cortocircuitos con una corriente nominal 60A a 120\/240 V CA<\/li>\n<li>Montaje enchufable en centros de carga, tableros NQ y medidores. Compatible con QOD6FB y QOD8FB &#8230; entre otros m\u00e1s<\/li>\n<li>Indicador de disparo ante falla (VISI-TRIP)<\/li>\n<li>Tecnolog\u00eda de acci\u00f3n r\u00e1pida QO (Qwik Open)<\/li>\n<\/ul>\n","protected":false},"featured_media":3424,"comment_status":"open","ping_status":"closed","template":"","meta":[],"product_cat":[195],"product_tag":[],"class_list":{"0":"post-3423","1":"product","2":"type-product","3":"status-publish","4":"has-post-thumbnail","6":"product_cat-interruptores-1-polo","8":"first","9":"instock","10":"shipping-taxable","11":"purchasable","12":"product-type-simple","13":"col-xs-6 col-sm-4","14":"col-md-4 col-lg-4","15":"un-3-cols"},"_links":{"self":[{"href":"https:\/\/hosting13.com\/oes\/wp-json\/wp\/v2\/product\/3423","targetHints":{"allow":["GET"]}}],"collection":[{"href":"https:\/\/hosting13.com\/oes\/wp-json\/wp\/v2\/product"}],"about":[{"href":"https:\/\/hosting13.com\/oes\/wp-json\/wp\/v2\/types\/product"}],"replies":[{"embeddable":true,"href":"https:\/\/hosting13.com\/oes\/wp-json\/wp\/v2\/comments?post=3423"}],"wp:featuredmedia":[{"embeddable":true,"href":"https:\/\/hosting13.com\/oes\/wp-json\/wp\/v2\/media\/3424"}],"wp:attachment":[{"href":"https:\/\/hosting13.com\/oes\/wp-json\/wp\/v2\/media?parent=3423"}],"wp:term":[{"taxonomy":"product_cat","embeddable":true,"href":"https:\/\/hosting13.com\/oes\/wp-json\/wp\/v2\/product_cat?post=3423"},{"taxonomy":"product_tag","embeddable":true,"href":"https:\/\/hosting13.com\/oes\/wp-json\/wp\/v2\/product_tag?post=3423"}],"curies":[{"name":"wp","href":"https:\/\/api.w.org\/{rel}","templated":true}]}}